{"id":44,"date":"2023-03-28T16:13:52","date_gmt":"2023-03-28T16:13:52","guid":{"rendered":"https:\/\/dotnuvaseeds.lt\/ee\/?page_id=44"},"modified":"2026-02-18T13:39:06","modified_gmt":"2026-02-18T11:39:06","slug":"titulinis","status":"publish","type":"page","link":"https:\/\/dotnuvaseeds.ee\/lt\/","title":{"rendered":"Titulinis"},"content":{"rendered":"<h1 style=\"\">Varajasele planeerijale: <span style=\"font-weight: normal;\">heinaseemnesegud, teravilja &#8211; ja rapsiseemned<\/span><\/h1>\n<p><span><img decoding=\"async\" alt=\"\" data-id=\"108\" width=\"1065\" data-init-width=\"1065\" data-init-height=\"617\" title=\"\" loading=\"lazy\" src=\"https:\/\/dotnuvaseeds.lt\/ee\/wp-content\/uploads\/sites\/7\/2023\/04\/Rectangle-137.png\" data-width=\"1065\" height=\"617\" style=\"aspect-ratio: auto 1065 \/ 617;\"><\/span><\/p>\n<h2 style=\"\">Seemned<\/h2>\n<p>Dotnuva Baltic on Leedus, Dotnuvas tegutsev seemnekeskuses, mis kuulub Linas Agro gruppi ja on tegutsenud alates 2003. aastast. Keskus toodab erinevate p\u00f5llukultuuride sertifitseeritud seemneid, mis vastavad nii kohalike kui ka rahvusvaheliste klientide n\u00f5udmistele.<\/p>\n<p>Linas Agro vastutab seemnete turustamise eest ning ettev\u00f5tte peamised turud on Leedu, L\u00e4ti ja Eesti. Dotnuva Seeds kaubam\u00e4rgi all toodetud seemned on tuntud oma kvaliteedi ja usaldusv\u00e4\u00e4rsuse poolest.<\/p>\n<p>Umbes 20% toodangust eksporditakse ka teistesse Euroopa Liidu riikidesse.<\/p>\n<p><span><img decoding=\"async\" alt=\"\" data-id=\"89\" width=\"1065\" data-init-width=\"1065\" data-init-height=\"617\" title=\"\" loading=\"lazy\" src=\"https:\/\/dotnuvaseeds.lt\/ee\/wp-content\/uploads\/sites\/7\/2023\/04\/Rectangle-138.png\" data-width=\"1065\" height=\"617\" style=\"aspect-ratio: auto 1065 \/ 617;\"><\/span><\/p>\n<h2 style=\"\">Seemnetootmine<\/h2>\n<p>Alates 2003. aastast tegutseb Leedus Dotnuvas Dotnuva Seeds seemnekeskus, mis kuulub Linas Agro gruppi. Keskuses toodetakse erinevate p\u00f5llukultuuride sertifitseeritud seemneid.<\/p>\n<p>Dotnuva Seeds p\u00f6\u00f6rab suurt t\u00e4helepanu uute sortide valikule. Iga uus sort l\u00e4bib p\u00f5hjalikud katsed kohalikes tingimustes. Sorte v\u00f5rreldakse omavahel, et selgitada v\u00e4lja k\u00f5ige saagikamad ja vastupidavamad variandid, mida tasub p\u00f5ldudel edasi kasvatada.<\/p>\n<p>Katseid tehakse kogu kasvuperioodi v\u00e4ltel. Hinnatakse taimede talvekindlust, valmimise kiirust, haiguskindlust, k\u00f5rgust ja lamandumiskindlust. Saagikoristusel koristatakse iga katsep\u00f5ld eraldi ning m\u00f5\u00f5detakse saagikust, saagi kvaliteeti ja hektarisaaki. Katsetest kogutud info p\u00f5hjal hinnatakse sortide tugevusi ja n\u00f5rkusi ning valitakse v\u00e4lja parimad sordid tootmisse.<\/p>\n<p>Seemneid paljundatakse usaldusv\u00e4\u00e4rsetes Leedu p\u00f5llumajandusettev\u00f5tetes. Koost\u00f6\u00f6d tehakse 110 farmiga ning igal aastal kasvatatakse seemnekultuure ligikaudu 12 000 hektaril.<\/p>\n<p>Seemnete kvaliteeti kontrollivad ettev\u00f5tte spetsialistid ja Riiklik Taimeterviseamet. Enne p\u00f5llumeheni j\u00f5udmist kontrollitakse seemnete kvaliteeti neli korda.<\/p>\n<p style=\"\">\u012esigykite m\u016bs\u0173 produktus<\/p>\n<h2 style=\"\">Naujienos<\/h2>\n<p><a href=\"https:\/\/dotnuvaseeds.ee\/lt\/naujienos\/seklu-pakavimo-linija-2025\/\" title=\"Technologin\u0117 naujov\u0117 &#8211; s\u0117kl\u0173 pakavimo linija \u201eDotnuva seeds\u201c s\u0117kl\u0173 fabrike\" data-type-url=\"post_url\" data-type-display=\"default_image\" data-size=\"thumbnail\" data-post_id=\"1944\"><img width=\"600\" height=\"272\" src=\"https:\/\/dotnuvaseeds.ee\/wp-content\/uploads\/sites\/7\/2025\/07\/Seklu-pakavimo-linija-600x272.jpg\" alt=\"S\u0117kl\u0173 pakavimo linija\" decoding=\"async\" loading=\"lazy\" srcset=\"https:\/\/dotnuvaseeds.ee\/wp-content\/uploads\/sites\/7\/2025\/07\/Seklu-pakavimo-linija-600x272.jpg 600w, https:\/\/dotnuvaseeds.ee\/wp-content\/uploads\/sites\/7\/2025\/07\/Seklu-pakavimo-linija-768x349.jpg 768w, https:\/\/dotnuvaseeds.ee\/wp-content\/uploads\/sites\/7\/2025\/07\/Seklu-pakavimo-linija-18x8.jpg 18w, https:\/\/dotnuvaseeds.ee\/wp-content\/uploads\/sites\/7\/2025\/07\/Seklu-pakavimo-linija.jpg 1128w\" sizes=\"auto, (max-width: 600px) 100vw, 600px\" \/><\/a><\/p>\n<h3 style=\"\"><span data-attr-link=\"0\" data-attr-rel=\"0\" data-attr-target=\"0\" data-extra_key=\"\" data-option-inline=\"1\" data-shortcode=\"tcb_post_title\" data-shortcode-name=\"Post title\" style=\"\">Technologin\u0117 naujov\u0117 &#8211; s\u0117kl\u0173 pakavimo linija \u201eDotnuva seeds\u201c s\u0117kl\u0173 fabrike<\/span><\/h3>\n<p>Nuo met\u0173 prad\u017eios \u201eDotnuva Seeds\u201c s\u0117kl\u0173 fabrike prad\u0117jusi veikti s\u0117kl\u0173 pakavimo linija <a href=\"https:\/\/dotnuvaseeds.ee\/lt\/naujienos\/seklu-pakavimo-linija-2025\/#more-1944\">&#8230;<\/a><\/p>\n<p style=\"\">Daugiau &gt;<\/p>\n<p><a href=\"https:\/\/dotnuvaseeds.ee\/lt\/naujienos\/naujos-augalu-veisles-i-pagalba-ukininkams-kovojant-su-klimato-kaita\/\" title=\"Naujos augal\u0173 veisl\u0117s \u2013 \u012f pagalb\u0105 \u016bkininkams kovojant su klimato kaita\" data-type-url=\"post_url\" data-type-display=\"default_image\" data-size=\"thumbnail\" data-post_id=\"1940\"><img width=\"600\" height=\"286\" src=\"https:\/\/dotnuvaseeds.ee\/wp-content\/uploads\/sites\/7\/2025\/07\/Naujos-augalu-veisles_Sigitas-600x286.jpg\" alt=\"Naujos augal\u0173 veisl\u0117s sigitas\" decoding=\"async\" loading=\"lazy\" srcset=\"https:\/\/dotnuvaseeds.ee\/wp-content\/uploads\/sites\/7\/2025\/07\/Naujos-augalu-veisles_Sigitas-600x286.jpg 600w, https:\/\/dotnuvaseeds.ee\/wp-content\/uploads\/sites\/7\/2025\/07\/Naujos-augalu-veisles_Sigitas-768x366.jpg 768w, https:\/\/dotnuvaseeds.ee\/wp-content\/uploads\/sites\/7\/2025\/07\/Naujos-augalu-veisles_Sigitas-18x9.jpg 18w, https:\/\/dotnuvaseeds.ee\/wp-content\/uploads\/sites\/7\/2025\/07\/Naujos-augalu-veisles_Sigitas.jpg 1127w\" sizes=\"auto, (max-width: 600px) 100vw, 600px\" \/><\/a><\/p>\n<h3 style=\"\"><span data-attr-link=\"0\" data-attr-rel=\"0\" data-attr-target=\"0\" data-extra_key=\"\" data-option-inline=\"1\" data-shortcode=\"tcb_post_title\" data-shortcode-name=\"Post title\" style=\"\">Naujos augal\u0173 veisl\u0117s \u2013 \u012f pagalb\u0105 \u016bkininkams kovojant su klimato kaita<\/span><\/h3>\n<p>Naujos augal\u0173 veisl\u0117s \u2013 \u012f pagalb\u0105 \u016bkininkams kovojant su klimato kaita Klimato <a href=\"https:\/\/dotnuvaseeds.ee\/lt\/naujienos\/naujos-augalu-veisles-i-pagalba-ukininkams-kovojant-su-klimato-kaita\/#more-1940\">&#8230;<\/a><\/p>\n<p style=\"\">Daugiau &gt;<\/p>\n<p><a href=\"https:\/\/dotnuvaseeds.ee\/lt\/naujienos\/dotnuva-seeds-atidare-moderniausia-seklu-gamykla-baltijos-salyse\/\" title=\"\u201eDotnuva Seeds\u201c atidar\u0117 moderniausi\u0105 s\u0117kl\u0173 gamykl\u0105 Baltijos \u0161alyse\" data-type-url=\"post_url\" data-type-display=\"default_image\" data-size=\"thumbnail\" data-post_id=\"1913\"><img width=\"600\" height=\"401\" src=\"https:\/\/dotnuvaseeds.ee\/wp-content\/uploads\/sites\/7\/2025\/06\/Dotnuva-seeds-atidaro-moderniausia-seklu-gamykla-baltijos-salyse-max-940-0-600x401.jpeg\" alt=\"Dotnuva seeds atidaro moderniausia seklu gamykla baltijos salyse max 940 0\" decoding=\"async\" loading=\"lazy\" srcset=\"https:\/\/dotnuvaseeds.ee\/wp-content\/uploads\/sites\/7\/2025\/06\/Dotnuva-seeds-atidaro-moderniausia-seklu-gamykla-baltijos-salyse-max-940-0-600x401.jpeg 600w, https:\/\/dotnuvaseeds.ee\/wp-content\/uploads\/sites\/7\/2025\/06\/Dotnuva-seeds-atidaro-moderniausia-seklu-gamykla-baltijos-salyse-max-940-0-768x513.jpeg 768w, https:\/\/dotnuvaseeds.ee\/wp-content\/uploads\/sites\/7\/2025\/06\/Dotnuva-seeds-atidaro-moderniausia-seklu-gamykla-baltijos-salyse-max-940-0-18x12.jpeg 18w, https:\/\/dotnuvaseeds.ee\/wp-content\/uploads\/sites\/7\/2025\/06\/Dotnuva-seeds-atidaro-moderniausia-seklu-gamykla-baltijos-salyse-max-940-0.jpeg 940w\" sizes=\"auto, (max-width: 600px) 100vw, 600px\" \/><\/a><\/p>\n<h3 style=\"\"><span data-attr-link=\"0\" data-attr-rel=\"0\" data-attr-target=\"0\" data-extra_key=\"\" data-option-inline=\"1\" data-shortcode=\"tcb_post_title\" data-shortcode-name=\"Post title\" style=\"\">\u201eDotnuva Seeds\u201c atidar\u0117 moderniausi\u0105 s\u0117kl\u0173 gamykl\u0105 Baltijos \u0161alyse<\/span><\/h3>\n<p>\u201eDotnuva Seeds\u201c se\u0307klu\u0328 gamyklos atidarymas AB Akola group atidar\u0117 nauj\u0105 s\u0117kl\u0173 gamykl\u0105 <a href=\"https:\/\/dotnuvaseeds.ee\/lt\/naujienos\/dotnuva-seeds-atidare-moderniausia-seklu-gamykla-baltijos-salyse\/#more-1913\">&#8230;<\/a><\/p>\n<p style=\"\">Daugiau &gt;<\/p>","protected":false},"excerpt":{"rendered":"<p>Varajasele planeerijale: heinaseemnesegud, teravilja &#8211; ja rapsiseemned Seemned Dotnuva Baltic on Leedus, Dotnuvas tegutsev seemnekeskuses, mis kuulub Linas Agro gruppi ja on tegutsenud alates 2003. aastast. Keskus toodab erinevate p\u00f5llukultuuride sertifitseeritud seemneid, mis vastavad nii kohalike kui ka rahvusvaheliste klientide n\u00f5udmistele. Linas Agro vastutab seemnete turustamise eest ning ettev\u00f5tte peamised turud on Leedu, L\u00e4ti ja [&hellip;]<\/p>\n","protected":false},"author":1,"featured_media":0,"parent":0,"menu_order":0,"comment_status":"closed","ping_status":"closed","template":"","meta":{"_acf_changed":false,"inline_featured_image":false,"slim_seo":{"description":"Etteplaneerijale \u2013 heinaseemnesegud, teravilja- ja rapsiseemned","facebook_image":"https:\/\/dotnuvaseeds.lt\/ee\/wp-content\/uploads\/sites\/7\/2023\/04\/Rectangle-159.png","twitter_image":"https:\/\/dotnuvaseeds.lt\/ee\/wp-content\/uploads\/sites\/7\/2023\/04\/Rectangle-159.png","title":"Dotnuva Seeds - EE"},"footnotes":""},"class_list":["post-44","page","type-page","status-publish","hentry","post-wrapper","thrv_wrapper"],"acf":[],"_links":{"self":[{"href":"https:\/\/dotnuvaseeds.ee\/lt\/wp-json\/wp\/v2\/pages\/44","targetHints":{"allow":["GET"]}}],"collection":[{"href":"https:\/\/dotnuvaseeds.ee\/lt\/wp-json\/wp\/v2\/pages"}],"about":[{"href":"https:\/\/dotnuvaseeds.ee\/lt\/wp-json\/wp\/v2\/types\/page"}],"author":[{"embeddable":true,"href":"https:\/\/dotnuvaseeds.ee\/lt\/wp-json\/wp\/v2\/users\/1"}],"replies":[{"embeddable":true,"href":"https:\/\/dotnuvaseeds.ee\/lt\/wp-json\/wp\/v2\/comments?post=44"}],"version-history":[{"count":23,"href":"https:\/\/dotnuvaseeds.ee\/lt\/wp-json\/wp\/v2\/pages\/44\/revisions"}],"predecessor-version":[{"id":2003,"href":"https:\/\/dotnuvaseeds.ee\/lt\/wp-json\/wp\/v2\/pages\/44\/revisions\/2003"}],"wp:attachment":[{"href":"https:\/\/dotnuvaseeds.ee\/lt\/wp-json\/wp\/v2\/media?parent=44"}],"curies":[{"name":"wp","href":"https:\/\/api.w.org\/{rel}","templated":true}]}}