{"id":366,"date":"2023-04-04T17:41:52","date_gmt":"2023-04-04T17:41:52","guid":{"rendered":"https:\/\/dotnuvaseeds.lt\/ee\/?page_id=366"},"modified":"2026-02-18T13:41:21","modified_gmt":"2026-02-18T11:41:21","slug":"seemnetootmine","status":"publish","type":"page","link":"https:\/\/dotnuvaseeds.ee\/lt\/tooted\/seemnetootmine\/","title":{"rendered":"Seemnetootmine"},"content":{"rendered":"<ul class=\"woocommerce-categories\"><div class=\"woocommerce-categories-mobile-toggle\">Kategorijos<\/div><\/ul>\n<h1>K\u00fclluslikuks saagiks \u2013 Dotnuva Seeds<\/h1>\n<p tve-droppable\"=\"\" dir=\"ltr\" \"=\"\"><strong>20 aastat seemnete tootmise kogemust. 30 taimeliiki seemnete tootmises.<\/strong><\/p>\n<p tve-droppable\"=\"\" dir=\"ltr\" \"=\"\">Meie seemnete tootmine h\u00f5lmab \u00fcle 30 liigi, mis on jaotatud 5 taimer\u00fchma:<\/p>\n<ul>\n<li dir=\"ltr\">Teraviljad<\/li>\n<li dir=\"ltr\">\u00d5likultuurid<\/li>\n<li dir=\"ltr\">Kaunviljad<\/li>\n<li dir=\"ltr\">Vahekultuurid<\/li>\n<li dir=\"ltr\">Heina- ja muruseemned<\/li>\n<\/ul>\n<p tve-droppable\"=\"\" dir=\"ltr\" \"=\"\">30 aretajat eri riikidest teevad meiega koost\u00f6\u00f6d ja on usaldanud meile oma sortide paljundamise. Leedus ja L\u00e4tis kasvatatud ning Dotnuva Seeds tehases ette valmistatud seemneid eksporditakse ka maailmaturule.<\/p>\n<p style=\"text-align: left;\"><strong>M\u00f5ned arvud seemnetootmise kohta:<\/strong><\/p>\n<p><span style=\"\">Customers served!<\/span><span data-anim=\"ticker\" data-refresh-interval=\"10\" data-from=\"2\" data-formatted-from=\"2\" data-to=\"20\" data-final-number=\"20\" data-decimals=\"0\" data-thousand-divider=\",\" data-decimal-character=\".\" data-speed=\"1007\"><span style=\"display: inline;\"><\/span><span style=\"\">2<\/span><span style=\"display: inline;\">&nbsp;aastat<\/span><\/span><span style=\"\">&nbsp;seemnete tootmise kogemust<\/span><span style=\"\">Customers served!<\/span><span data-anim=\"ticker\" data-refresh-interval=\"10\" data-from=\"27\" data-formatted-from=\"27\" data-to=\"27000\" data-final-number=\"27.000\" data-decimals=\"0\" data-thousand-divider=\".\" data-decimal-character=\".\" data-speed=\"1007\"><span style=\"display: inline;\"><\/span><span style=\"\">2<\/span><span style=\"display: inline;\">t<\/span><\/span><span style=\"\">&nbsp; seemneid toodetakse aastas<\/span><span style=\"\">Customers served!<\/span><span data-anim=\"ticker\" data-refresh-interval=\"10\" data-from=\"12\" data-formatted-from=\"12\" data-to=\"12000\" data-final-number=\"12.000\" data-decimals=\"0\" data-thousand-divider=\".\" data-decimal-character=\".\" data-speed=\"1007\"><span style=\"display: inline;\"><\/span><span style=\"\">2<\/span><span style=\"display: inline;\">ha<\/span><\/span><span style=\"\">&nbsp;erinevate kultuuride pinda<\/span><span style=\"\">Customers served!<\/span><span data-anim=\"ticker\" data-refresh-interval=\"10\" data-from=\"3\" data-formatted-from=\"3\" data-to=\"30\" data-final-number=\"30\" data-decimals=\"0\" data-thousand-divider=\",\" data-decimal-character=\".\" data-speed=\"1007\"><span style=\"display: inline;\"><\/span><span style=\"\">2<\/span><span style=\"display: inline;\">+<\/span><\/span><span style=\"\">&nbsp;taimeliiki<\/span><\/p>\n<h2>Me toodame:<\/h2>\n<h3 dir=\"ltr\" style=\"\">Heina- ja muruseemned<\/h3>\n<ul>\n<li \"=\"\" >Aruhein<\/li>\n<li \"=\"\" >Kerahein<\/li>\n<li \"=\"\" >Lutsern<\/li>\n<\/ul>\n<h3 dir=\"ltr\" style=\"\">Teraviljad<\/h3>\n<ul>\n<li dir=\"ltr\">Nisu<\/li>\n<li dir=\"ltr\">Oder<\/li>\n<li dir=\"ltr\">Rukis<\/li>\n<li dir=\"ltr\">Tritikale<\/li>\n<li dir=\"ltr\">Kaer<\/li>\n<li dir=\"ltr\">Tatar<\/li>\n<\/ul>\n<h3 dir=\"ltr\" style=\"\">Vahekultuurid<\/h3>\n<ul>\n<li dir=\"ltr\">Sinep<\/li>\n<li dir=\"ltr\">Redis<\/li>\n<li dir=\"ltr\">Facelia<\/li>\n<li dir=\"ltr\">Niinehein<\/li>\n<\/ul>\n<h3 dir=\"ltr\" style=\"\">Kaunviljad<\/h3>\n<ul>\n<li dir=\"ltr\">Herned<\/li>\n<li dir=\"ltr\">Oad<\/li>\n<\/ul>\n<h3 dir=\"ltr\" style=\"\">\u00d5likultuurid<\/h3>\n<ul>\n<li dir=\"ltr\">Raps<\/li>\n<\/ul>","protected":false},"excerpt":{"rendered":"<p>K\u00fclluslikuks saagiks \u2013 Dotnuva Seeds 20 aastat seemnete tootmise kogemust. 30 taimeliiki seemnete tootmises. Meie seemnete tootmine h\u00f5lmab \u00fcle 30 liigi, mis on jaotatud 5 taimer\u00fchma: Teraviljad \u00d5likultuurid Kaunviljad Vahekultuurid Heina- ja muruseemned 30 aretajat eri riikidest teevad meiega koost\u00f6\u00f6d ja on usaldanud meile oma sortide paljundamise. Leedus ja L\u00e4tis kasvatatud ning Dotnuva Seeds tehases [&hellip;]<\/p>\n","protected":false},"author":1,"featured_media":0,"parent":67,"menu_order":0,"comment_status":"closed","ping_status":"closed","template":"","meta":{"_acf_changed":false,"inline_featured_image":false,"slim_seo":{"title":"Seemnetootmine - Dotnuva Seeds - EE","description":"Kategorijos K\u00fclluslikuks saagiks \u2013 Dotnuva Seeds 20 aastat seemnete tootmise kogemust. 30 taimeliiki seemnete tootmises. Meie seemnete tootmine h\u00f5lmab \u00fcle 30 li"},"footnotes":""},"class_list":["post-366","page","type-page","status-publish","hentry","post-wrapper","thrv_wrapper"],"acf":[],"_links":{"self":[{"href":"https:\/\/dotnuvaseeds.ee\/lt\/wp-json\/wp\/v2\/pages\/366","targetHints":{"allow":["GET"]}}],"collection":[{"href":"https:\/\/dotnuvaseeds.ee\/lt\/wp-json\/wp\/v2\/pages"}],"about":[{"href":"https:\/\/dotnuvaseeds.ee\/lt\/wp-json\/wp\/v2\/types\/page"}],"author":[{"embeddable":true,"href":"https:\/\/dotnuvaseeds.ee\/lt\/wp-json\/wp\/v2\/users\/1"}],"replies":[{"embeddable":true,"href":"https:\/\/dotnuvaseeds.ee\/lt\/wp-json\/wp\/v2\/comments?post=366"}],"version-history":[{"count":48,"href":"https:\/\/dotnuvaseeds.ee\/lt\/wp-json\/wp\/v2\/pages\/366\/revisions"}],"predecessor-version":[{"id":2005,"href":"https:\/\/dotnuvaseeds.ee\/lt\/wp-json\/wp\/v2\/pages\/366\/revisions\/2005"}],"up":[{"embeddable":true,"href":"https:\/\/dotnuvaseeds.ee\/lt\/wp-json\/wp\/v2\/pages\/67"}],"wp:attachment":[{"href":"https:\/\/dotnuvaseeds.ee\/lt\/wp-json\/wp\/v2\/media?parent=366"}],"curies":[{"name":"wp","href":"https:\/\/api.w.org\/{rel}","templated":true}]}}