{"id":361,"date":"2023-04-04T17:15:55","date_gmt":"2023-04-04T17:15:55","guid":{"rendered":"https:\/\/dotnuvaseeds.lt\/ee\/?page_id=361"},"modified":"2026-02-11T11:26:08","modified_gmt":"2026-02-11T09:26:08","slug":"kontaktid","status":"publish","type":"page","link":"https:\/\/dotnuvaseeds.ee\/lt\/meist\/kontaktid\/","title":{"rendered":"Kontaktid"},"content":{"rendered":"<h1>V\u00f5ta \u00fchendust<\/h1>\n<p><span><a href=\"https:\/\/dotnuvaseeds.lt\/ee\/wp-content\/uploads\/sites\/7\/2023\/04\/smartphone-1.svg\"><img decoding=\"async\" alt=\"\" data-id=\"455\" width=\"43\" data-init-width=\"43\" data-init-height=\"43\" title=\"smartphone 1\" loading=\"lazy\" src=\"https:\/\/dotnuvaseeds.lt\/ee\/wp-content\/uploads\/sites\/7\/2023\/04\/smartphone-1.svg\" data-link-wrap=\"true\" data-width=\"43\" height=\"43\" data-height=\"43\" style=\"aspect-ratio: auto 43 \/ 43;\"><\/a><\/span><\/p>\n<p style=\"text-align: center;\"><a href=\"tel:+37258605666\" target=\"_blank\" style=\"outline: none;\" data-tcb_hover_state_parent=\"\"><\/a><a data-tcb_hover_state_parent=\"\" href=\"tel:+37258605666\" target=\"_blank\" style=\"outline: none;\">Kontakttelefon: +372 5860 5666&nbsp; (E-R 09:00-17:00)<\/a><\/p>\n<\/p>\n<p><span><a href=\"https:\/\/dotnuvaseeds.lt\/ee\/wp-content\/uploads\/sites\/7\/2023\/04\/003.building.svg\"><img decoding=\"async\" alt=\"\" data-id=\"456\" width=\"43\" data-init-width=\"43\" data-init-height=\"43\" title=\"003.building\" loading=\"lazy\" src=\"https:\/\/dotnuvaseeds.lt\/ee\/wp-content\/uploads\/sites\/7\/2023\/04\/003.building.svg\" data-width=\"43\" height=\"43\" data-height=\"43\" data-link-wrap=\"true\" style=\"aspect-ratio: auto 43 \/ 43;\"><\/a><\/span><\/p>\n<p style=\"text-align: center;\"><a href=\"https:\/\/maps.app.goo.gl\/15F53gPR4HBwGyum8\" target=\"_blank\" style=\"outline: none;\" data-tcb_hover_state_parent=\"\"><\/a><a data-tcb_hover_state_parent=\"\" href=\"https:\/\/maps.app.goo.gl\/CNDJVAYJTAVZj2i57\" rel=\"noopener\" target=\"_blank\" style=\"outline: none;\">UAB \u201cDotnuva Seeds\u201d esindaja Eestis Linas Agro O\u00dc,Tallinna tn 86, Peetrim\u00f5isa k\u00fcla, Viljandi maakond, 71073, Estonia<\/a><\/p>\n<p><span><a href=\"https:\/\/dotnuvaseeds.lt\/ee\/wp-content\/uploads\/sites\/7\/2023\/04\/email-1-1.svg\"><img decoding=\"async\" alt=\"\" data-id=\"457\" width=\"42\" data-init-width=\"42\" data-init-height=\"42\" title=\"email (1) 1\" loading=\"lazy\" src=\"https:\/\/dotnuvaseeds.lt\/ee\/wp-content\/uploads\/sites\/7\/2023\/04\/email-1-1.svg\" data-width=\"42\" height=\"42\" data-height=\"42\" data-link-wrap=\"true\" style=\"aspect-ratio: auto 42 \/ 42;\"><\/a><\/span><\/p>\n<p style=\"text-align: center;\"><a href=\"mailto:e-pood@dotnuvaseeds.ee\" target=\"_blank\" style=\"outline: none;\" data-tcb_hover_state_parent=\"\">e-shop@dotnuvaseeds.ee<\/a><\/p>\n<h1>Seemnetootmise osakond<\/h1>\n<h3>Stefani Jaku\u0161<\/h3>\n<p style=\"\"><span style=\"font-size: 15px !important;\">Seemnete tootejuht<\/span><\/p>\n<p style=\"\"><a href=\"tel:+37255508285\" style=\"outline: none;\" target=\"_blank\">+372 5550 8285<\/a><a href=\"mailto:stefani.jakus@linasagro.ee\" style=\"outline: none;\" target=\"_blank\">stefani.jakus@linasagro.ee<\/a><\/p>\n<h3>Erle N\u00f5gene<\/h3>\n<p style=\"\"><span style=\"font-size: 15px !important;\">Logistk<\/span><\/p>\n<p style=\"\"><a href=\"tel:+37256102888\" style=\"outline: none;\" title=\"phone\">+372 5610 2888<\/a><a href=\"mailto:erle.nogene@linasagro.ee\" style=\"outline: none;\" title=\"email\">erle.nogene@linasagro.ee<\/a><\/p>","protected":false},"excerpt":{"rendered":"<p>V\u00f5ta \u00fchendust Kontakttelefon: +372 5860 5666&nbsp; (E-R 09:00-17:00) UAB \u201cDotnuva Seeds\u201d esindaja Eestis Linas Agro O\u00dc,Tallinna tn 86, Peetrim\u00f5isa k\u00fcla, Viljandi maakond, 71073, Estonia e-shop@dotnuvaseeds.ee Seemnetootmise osakond Stefani Jaku\u0161 Seemnete tootejuht +372 5550 8285stefani.jakus@linasagro.ee Erle N\u00f5gene Logistk +372 5610 2888erle.nogene@linasagro.ee<\/p>","protected":false},"author":1,"featured_media":0,"parent":187,"menu_order":0,"comment_status":"closed","ping_status":"closed","template":"","meta":{"_acf_changed":false,"inline_featured_image":false,"slim_seo":{"title":"Kontaktid - Dotnuva Seeds - EE","description":"V\u00f5ta \u00fchendust Kontakttelefon: +372 5860 5666&nbsp; (E-R 09:00-17:00) UAB \u201cDotnuva Seeds\u201d esindaja Eestis Linas Agro O\u00dc,Tallinna tn 86, Peetrim\u00f5isa k\u00fcla, Viljand"},"footnotes":""},"class_list":["post-361","page","type-page","status-publish","hentry","post-wrapper","thrv_wrapper"],"acf":[],"_links":{"self":[{"href":"https:\/\/dotnuvaseeds.ee\/lt\/wp-json\/wp\/v2\/pages\/361","targetHints":{"allow":["GET"]}}],"collection":[{"href":"https:\/\/dotnuvaseeds.ee\/lt\/wp-json\/wp\/v2\/pages"}],"about":[{"href":"https:\/\/dotnuvaseeds.ee\/lt\/wp-json\/wp\/v2\/types\/page"}],"author":[{"embeddable":true,"href":"https:\/\/dotnuvaseeds.ee\/lt\/wp-json\/wp\/v2\/users\/1"}],"replies":[{"embeddable":true,"href":"https:\/\/dotnuvaseeds.ee\/lt\/wp-json\/wp\/v2\/comments?post=361"}],"version-history":[{"count":107,"href":"https:\/\/dotnuvaseeds.ee\/lt\/wp-json\/wp\/v2\/pages\/361\/revisions"}],"predecessor-version":[{"id":2002,"href":"https:\/\/dotnuvaseeds.ee\/lt\/wp-json\/wp\/v2\/pages\/361\/revisions\/2002"}],"up":[{"embeddable":true,"href":"https:\/\/dotnuvaseeds.ee\/lt\/wp-json\/wp\/v2\/pages\/187"}],"wp:attachment":[{"href":"https:\/\/dotnuvaseeds.ee\/lt\/wp-json\/wp\/v2\/media?parent=361"}],"curies":[{"name":"wp","href":"https:\/\/api.w.org\/{rel}","templated":true}]}}