{"id":187,"date":"2023-04-03T12:46:30","date_gmt":"2023-04-03T12:46:30","guid":{"rendered":"https:\/\/dotnuvaseeds.lt\/ee\/?page_id=187"},"modified":"2026-02-03T10:40:20","modified_gmt":"2026-02-03T08:40:20","slug":"meist","status":"publish","type":"page","link":"https:\/\/dotnuvaseeds.ee\/lt\/meist\/","title":{"rendered":"Meist"},"content":{"rendered":"<p><img loading=\"lazy\" decoding=\"async\" style=\"aspect-ratio: auto 2560 \/ 1257;\" title=\"\" src=\"https:\/\/dotnuvaseeds.lt\/ee\/wp-content\/uploads\/sites\/7\/2024\/03\/278140579_100599149300116_3845869071938010576_n-1-scaled.jpg\" alt=\"\" width=\"710\" height=\"349\" data-id=\"1450\" data-init-width=\"2560\" data-init-height=\"1257\" data-width=\"710\" data-height=\"349\" data-link-wrap=\"true\" \/><\/p>\n<h1>Dotnuva seeds<\/h1>\n<p>Dotnuva Seeds tehas alustas tegevust 2003. aastal ning selle tootmisv\u00f5imsus on 30 000 tonni seemneid aastas Dotnuva Seeds kaubam\u00e4rgi all.<\/p>\n<p>Esindame ja turustame teraviljade, rapsi, maisi, s\u00f6\u00f6da- ja mururohtude, kaunviljade ning vahekultuuride seemneid 30 aretajalt.<\/p>\n<p>Seemnete turustamisega tegeleb AB Linas Agro. Peamised turud on Leedu, L\u00e4ti ja Eesti, kuid lisaks neile m\u00fc\u00fcakse seemneid ka maailmaturul. Osa tegevusest on seemnete paljundusteenus EL-i partneritele.<\/p>\n<p><img loading=\"lazy\" decoding=\"async\" style=\"aspect-ratio: auto 1500 \/ 1125;\" title=\"\" src=\"https:\/\/dotnuvaseeds.lt\/ee\/wp-content\/uploads\/sites\/7\/2024\/02\/20240215_103431.jpg\" alt=\"\" width=\"710\" height=\"533\" data-id=\"1316\" data-init-width=\"1500\" data-init-height=\"1125\" data-width=\"710\" data-height=\"533\" data-link-wrap=\"true\" \/><\/p>\n<h2>Seemnete kvaliteet on tagatud<\/h2>\n<p>Igal aastal investeerime ja suurendame oma seemnete ettevalmistamise v\u00f5imekust. 2019. aastal uuendasime rohusegude ettevalmistamise tootmisliini, mis parandas meie segude kvaliteeti. 2020. aastal paigaldasime kaasaegse optilise sorteeri, mis eraldab seemned suuruse ja kaalu j\u00e4rgi ning sorteerib need v\u00e4rvi alusel, tagades maksimaalse puhtuse.<\/p>\n<p>Tehasesse paigaldatud seadmed ja tehnoloogiliste protsesside juhtimiss\u00fcsteem tagavad seemnete k\u00f5rge kvaliteedi. Iga seemnepartii l\u00e4bib tehase laboris range kolmetasandilise kontrolli. Valmis seemneid hindavad P\u00f5llumajandusministeeriumi alluvuses tegutseva Riikliku Sordiaretuse Teenistuse spetsialistid. Sertifikaadid v\u00e4ljastatakse ainult neile seemnetele, mis vastavad kohustuslikele kvaliteedin\u00f5uetele.<\/p>\n<p><img loading=\"lazy\" decoding=\"async\" style=\"aspect-ratio: auto 1200 \/ 675;\" title=\"\" src=\"https:\/\/dotnuvaseeds.lt\/ee\/wp-content\/uploads\/sites\/7\/2024\/03\/DotnuvaBaltic_6-1.jpg\" alt=\"\" width=\"710\" height=\"399\" data-id=\"1449\" data-init-width=\"1200\" data-init-height=\"675\" data-width=\"710\" data-height=\"399\" data-link-wrap=\"true\" \/><\/p>\n<h2>J\u00e4rjepidev investeerimine tootmisesse<\/h2>\n<p>Praegu keskendume tarneahelale \u2013 alates seemnete tootmisest kuni tarneni kliendile. 2021. aastal avasime uue seemnelao, suurendades Dotnuva ladustamispinda 89% v\u00f5rra. Uue, 3500 m\u00b2 suuruse lao mahutavus on 2100 tonni seemneid.<\/p>\n<p>Hetkel toodab Dotnuva seemnetehas umbes 27 000 tonni seemneid aastas, mis on ligikaudu 90% meie koguv\u00f5imsusest. Tootmisv\u00f5imsust on vaja suurendada, et tagada klientidele sertifitseeritud seemnete sujuv k\u00e4ttesaadavus.<\/p>\n<p>Seet\u00f5ttu on L\u00e4tis, Iecavas, ehitamisel uus seemnetetehas, mis rahuldab sertifitseeritud seemnete n\u00f5udluse nii L\u00e4ti kui ka Eesti turul ning v\u00f5imaldab seemned p\u00f5llumeesteni viia kiiremini. Tehase tootmisv\u00f5imsus saab olema 20 000 tonni seemneid aastas, v\u00f5imalusega suurendada mahtu kuni 30 000 tonnini. Seal valmistatakse ette herneste ja kaunviljade seemneid. Planeeritud ladustamispind on 3000 m\u00b2. Uus seemnete ettevalmistamise tehas alustab t\u00f6\u00f6d 2025. aastal.<\/p>","protected":false},"excerpt":{"rendered":"<p>Dotnuva seeds Dotnuva Seeds tehas alustas tegevust 2003. aastal ning selle tootmisv\u00f5imsus on 30 000 tonni seemneid aastas Dotnuva Seeds kaubam\u00e4rgi all. Esindame ja turustame teraviljade, rapsi, maisi, s\u00f6\u00f6da- ja mururohtude, kaunviljade ning vahekultuuride seemneid 30 aretajalt. Seemnete turustamisega tegeleb AB Linas Agro. Peamised turud on Leedu, L\u00e4ti ja Eesti, kuid lisaks neile m\u00fc\u00fcakse seemneid [&hellip;]<\/p>\n","protected":false},"author":1,"featured_media":0,"parent":0,"menu_order":0,"comment_status":"closed","ping_status":"closed","template":"","meta":{"_acf_changed":false,"inline_featured_image":false,"slim_seo":{"title":"Meist - Dotnuva Seeds - EE","description":"Dotnuva seeds Dotnuva Seeds tehas alustas tegevust 2003. aastal ning selle tootmisv\u00f5imsus on 30 000 tonni seemneid aastas Dotnuva Seeds kaubam\u00e4rgi all. Esindame"},"footnotes":""},"class_list":["post-187","page","type-page","status-publish","hentry","post-wrapper","thrv_wrapper"],"acf":[],"_links":{"self":[{"href":"https:\/\/dotnuvaseeds.ee\/lt\/wp-json\/wp\/v2\/pages\/187","targetHints":{"allow":["GET"]}}],"collection":[{"href":"https:\/\/dotnuvaseeds.ee\/lt\/wp-json\/wp\/v2\/pages"}],"about":[{"href":"https:\/\/dotnuvaseeds.ee\/lt\/wp-json\/wp\/v2\/types\/page"}],"author":[{"embeddable":true,"href":"https:\/\/dotnuvaseeds.ee\/lt\/wp-json\/wp\/v2\/users\/1"}],"replies":[{"embeddable":true,"href":"https:\/\/dotnuvaseeds.ee\/lt\/wp-json\/wp\/v2\/comments?post=187"}],"version-history":[{"count":33,"href":"https:\/\/dotnuvaseeds.ee\/lt\/wp-json\/wp\/v2\/pages\/187\/revisions"}],"predecessor-version":[{"id":1964,"href":"https:\/\/dotnuvaseeds.ee\/lt\/wp-json\/wp\/v2\/pages\/187\/revisions\/1964"}],"wp:attachment":[{"href":"https:\/\/dotnuvaseeds.ee\/lt\/wp-json\/wp\/v2\/media?parent=187"}],"curies":[{"name":"wp","href":"https:\/\/api.w.org\/{rel}","templated":true}]}}