{"id":1558,"date":"2024-08-02T12:13:38","date_gmt":"2024-08-02T09:13:38","guid":{"rendered":"https:\/\/dotnuvaseeds.lt\/ee\/?page_id=1558"},"modified":"2026-02-03T11:00:39","modified_gmt":"2026-02-03T09:00:39","slug":"privaatsuspoliitika","status":"publish","type":"page","link":"https:\/\/dotnuvaseeds.ee\/lt\/privaatsuspoliitika\/","title":{"rendered":"Privaatsuspoliitika"},"content":{"rendered":"<h2>Privaatsuspoliitika<\/h2>\n<p><strong>1. MIDA SEE PRIVAATSUSPOLIITIKA T\u00c4HENDAB?<\/strong><\/p>\n<p>Selles privaatsuspoliitikas (edaspidi \u2013 Privaatsuspoliitika) anname Teile teavet selle kohta, kuidas aktsiaselts \u201eLinas Agro\u201c k\u00e4sitleb Teie isikuandmeid.<\/p>\n<p><strong>2. AKTSIASELTSIST \u201eLINAS AGRO\u201c<\/strong><\/p>\n<p>Aktsiaselts \u201eLinas Agro\u201c (edaspidi \u2013 Linas Agro), registrikood: 147328026, asukoht: Sm\u0117lyn\u0117s g. 2C &#8211; 3, LT-35143 Panev\u0117\u017eys, e-posti aadress: info@linasagro.ee, on ettev\u00f5tter\u00fchma AB Akola group osa ja Teie isikuandmete vastutav t\u00f6\u00f6tleja.<\/p>\n<p>M\u00f5nel allpool nimetatud juhul v\u00f5ib Linas Agro olla Teie isikuandmete \u00fchiskasutuses olev vastutav t\u00f6\u00f6tleja koos teise(-te) AB Akola group ettev\u00f5tte(-tega).<\/p>\n<p><strong>3. MIS ON ISIKUANDMED?<\/strong><\/p>\n<p>Isikuandmed on k\u00f5ik Linas Agro poolt f\u00fc\u00fcsilise isiku kohta kogutav teave, mida saab kasutada selle isiku tuvastamiseks. Isikuandmed h\u00f5lmavad igasugust teavet, sealhulgas isiku nime, aadressi, IP-aadressi.<\/p>\n<p><strong>4. MILLISEID TEIE ISIKUANDMEID ME KOGUME?<\/strong><\/p>\n<p>Linas Agro k\u00e4sitleb Teie isikuandmeid allpool nimetatud eesm\u00e4rkidel:<\/p>\n<p><strong>4.1. Linas Agro e-poe haldamise eesm\u00e4rgil<\/strong><\/p>\n<ul>\n<li>Teie konto loomise ja haldamise eesm\u00e4rgil e-poes k\u00e4sitleb Linas Agro j\u00e4rgmisi isikuandmeid: e-posti aadress, parool, IP-aadress, aadress, registreerimis- ja uudiskirja n\u00f5usoleku andmed, viimase k\u00fclastuse kuup\u00e4ev; isiklik teave (kui kasutaja selle esitab): nimi, telefoninumber, ametikoha ja t\u00f6\u00f6koha teave. Need isikuandmed kogutakse lepingu s\u00f5lmimise ja t\u00e4itmise alusel ning s\u00e4ilitatakse 3 (kolm) aastat alates Teie viimasest sisselogimisest.<\/li>\n<li>Tellimuse t\u00e4itmise ja e-kaubanduse korraldamise eesm\u00e4rgil k\u00e4sitleb Linas Agro j\u00e4rgmisi isikuandmeid: nimi, telefoninumber, IP-aadress, ostuhistooria, kaupade tarneaadress, makseandmed, tellimuste ja tarnete ajalugu, tagastuste ajalugu, suhtlus Teiega. Need isikuandmed kogutakse lepingu t\u00e4itmise ja seadusliku kohustuse (arvede v\u00e4ljastamise) eesm\u00e4rgil ning s\u00e4ilitatakse 10 (k\u00fcmme) aastat alates ostu-m\u00fc\u00fcgilepingu t\u00e4itmisest. Teie makseandmed edastatakse UAB \u201ePaysera LT\u201c.<\/li>\n<li>Tellimuse kohaletoimetamise eesm\u00e4rgil k\u00e4sitleb Linas Agro j\u00e4rgmisi isikuandmeid: nimi, telefoninumber, aadress, pakiautomaadi teave, saadetise number. Need isikuandmed k\u00e4sitletakse lepingu t\u00e4itmise alusel ja s\u00e4ilitatakse 10 (k\u00fcmme) aastat alates ostu-m\u00fc\u00fcgilepingu t\u00e4itmisest. Tellimuse kohaletoimetamiseks v\u00f5ivad Teie isikuandmed edastada kulleriteenustele, n\u00e4iteks UAB \u201eVenipak Lietuva\u201c, UAB \u201eDPD Lietuva\u201c jne.<\/li>\n<li>Klientide p\u00e4ringute\/kaebuste haldamise eesm\u00e4rgil k\u00e4sitleb Linas Agro j\u00e4rgmisi isikuandmeid: nimi, e-posti aadress, p\u00e4ringus\/esitatud kaebuses sisalduv teave. Need isikuandmed k\u00e4sitletakse \u00f5igustatud huvi alusel teenuste kvaliteedi tagamiseks ja s\u00e4ilitatakse 2 (kaks) aastat alates p\u00e4ringu lahendamisest.<\/li>\n<\/ul>\n<p><strong>4.2. Enesehalduse haldamise eesm\u00e4rgil<\/strong><\/p>\n<p>Et pakkuda klientidele v\u00f5imalust kasutada Linas Agro teenuseid elektrooniliselt, k\u00e4sitleb enesehalduse haldamise eesm\u00e4rgil Linas Agro j\u00e4rgmisi isikuandmeid: kasutajanimi, parool, konto ja lepingu andmed. Need isikuandmed k\u00e4sitletakse Teie n\u00f5usoleku alusel, mida v\u00e4ljendate registreerudes enesehalduse portaalis, ja s\u00e4ilitatakse Teie lepingu kehtivusajal. Selleks v\u00f5ivad andmed olla ligip\u00e4\u00e4setavad programmeerimisteenuseid osutavatele t\u00f6\u00f6tlejatele. Enesehalduse kasutamise kord on esitatud ENESEHALDUSE TINGIMUSTES (aadress: <a href=\"https:\/\/edotnuvaseeds.ee\/konto\/e-poe-tingimused\/\">https:\/\/edotnuvaseeds.ee\/konto\/e-poe-tingimused\/<\/a>).<\/p>\n<p><strong>4.3. Suhtlemine klientidega<\/strong><\/p>\n<ul>\n<li>Kui Te n\u00f5ustute (tellite uudiskirja, m\u00e4rkige registreerimisel v\u00f5i ostes e-poes), k\u00e4sitleb Linas Agro otsese turunduse eesm\u00e4rgil j\u00e4rgmisi isikuandmeid: nimi, e-posti aadress, telefoninumber. Need isikuandmed k\u00e4sitletakse Teie n\u00f5usoleku alusel ja s\u00e4ilitatakse 3 (kolm) aastat alates n\u00f5usoleku andmisest. Sel juhul on Linas Agro Teie isikuandmete \u00fchiskasutuses olev vastutav t\u00f6\u00f6tleja koos UAB \u201eDotnuva Baltic\u201c (registrikood: 261415970, asukoht: Parko g. 6, LT-58350 Akademijos mstl., Dotnuvos sen., K\u0117daini\u0173 r. sav., e-posti aadress: info@dotnuvabaltic.ee), UAB \u201eGeoFace\u201c (registrikood: 304781617, asukoht: Brastos g. 14, LT-47185 Kaunas, e-posti aadress: info@geoface.com) ja UAB \u201eDotnuva Rent\u201c (registrikood: 161452398, asukoht: Parko g. 6, LT-58350 Akademijos mstl., Dotnuvos sen., K\u0117daini\u0173 r. sav., e-posti aadress: info@dotnuvarent.ee). Iga otsese turundusega seotud teate saatmisel antakse Teile v\u00f5imalus keelduda sellistest teadetest, teatades sellest e-posti teel v\u00f5i muul m\u00e4\u00e4ratud viisil.<\/li>\n<li>Kui Te ei ole andnud otsese turunduse n\u00f5usolekut, kuid olete Linas Agro klient (ostnud meie tooteid v\u00f5i tellinud teenuseid viimase kahe aasta jooksul), v\u00f5ib Linas Agro Teile saata pakkumisi v\u00f5i uudiskirju sarnaste toodete v\u00f5i teenuste kohta \u00f5igustatud huvi alusel (Elektroonilise side seaduse \u00a7 69). Selleks k\u00e4sitleb Linas Agro j\u00e4rgmisi isikuandmeid: nimi, e-posti aadress, telefoninumber. Need isikuandmed k\u00e4sitletakse 2 (kaks) aastat alates toodete v\u00f5i teenuste ostmise kuup\u00e4evast. Iga pakkumise saatmisel antakse Teile v\u00f5imalus keelduda otsese turunduse teadetest.<\/li>\n<li>Teave, mida Linas Agro esitate sotsiaalmeedia vahenditega meie kontodel k\u00fclastamisel (sh s\u00f5numid, \u201eMeeldib\u201c-nuppude kasutamine ja muu suhtlus), kontrollime koos sotsiaalv\u00f5rgustike vastutavate t\u00f6\u00f6tlejatega \u00fchiselt kui \u00fchiskasutuses olevad isikuandmete vastutavad t\u00f6\u00f6tlejad. Soovitame tutvuda kolmandate osapoolte privaatsusteatega ja vajadusel v\u00f5tta otse \u00fchendust teenusepakkujatega k\u00fcsimuste korral nende isikuandmete kasutamise kohta.<\/li>\n<li>Praegu on meil j\u00e4rgmised sotsiaalv\u00f5rgustike kontod:\n<ul>\n<li>\u201eFacebook\u201c \u2013 \u201eLinas Agro Eesti\u201c, privaatsusteade on saadaval aadressil <a href=\"https:\/\/www.facebook.com\/privacy\/explanation\">https:\/\/www.facebook.com\/privacy\/explanation<\/a><\/li>\n<li>\u201eInstagram\u201c \u2013 \u201eLinas Agro Eesti\u201c, privaatsusteade on saadaval aadressil <a href=\"https:\/\/help.instagram.com\/519522125107875\">https:\/\/help.instagram.com\/519522125107875<\/a><\/li>\n<li>\u201eLinkedin\u201c \u2013 \u201eLinas Agro\u201c, privaatsusteade on saadaval aadressil <a href=\"https:\/\/www.linkedin.com\/legal\/privacy-policy\">https:\/\/www.linkedin.com\/legal\/privacy-policy<\/a><\/li>\n<li>\u201eYoutube\u201c \u2013 \u201eLinas Agro Eesti\u201c, privaatsusteade on saadaval aadressil <a href=\"https:\/\/policies.google.com\/privacy\">https:\/\/policies.google.com\/privacy<\/a><\/li>\n<\/ul>\n<\/li>\n<\/ul>\n<p><strong>4.4. Lepingu haldamine<\/strong><\/p>\n<ul>\n<li>Kliendi v\u00f5imekuse hindamiseks lepingu t\u00e4itmiseks k\u00e4sitleb Linas Agro j\u00e4rgmisi isikuandmeid: nimi, isikukood, deklareeritud ja tegelik elukoht, telefoninumber, isikut t\u00f5endava dokumendi andmed (number, v\u00e4ljastamise kuup\u00e4ev jne), perekonnaseisu teave, alaealiste laste ja \u00fclalpeetavate arv, teave omatava vara kohta, krediidireiting ja makseajalugu. Need isikuandmed k\u00e4sitletakse lepingu s\u00f5lmimise alusel. Andmed, mis ei ole vajalikud lepingu s\u00f5lmimiseks, h\u00e4vitatakse p\u00e4rast hindamist, teised isikuandmed s\u00e4ilitatakse 10 (k\u00fcmme) aastat p\u00e4rast lepingu s\u00f5lmimist. Linas Agro ei kogu k\u00f5iki nimetatud andmeid \u2013 kogutavate andmete maht s\u00f5ltub lepingu vormist ja makseviisist (kohene v\u00f5i edasil\u00fckatud makse). Sel juhul on Linas Agro \u00fchiskasutuses olev vastutav t\u00f6\u00f6tleja koos UAB \u201eDotnuva Baltic\u201c, UAB \u201eDotnuva Rent\u201c ja UAB \u201eDotnuva Seeds\u201c.<\/li>\n<li>Ostu-, m\u00fc\u00fcgi- ja teenuselepingu s\u00f5lmimise ja t\u00e4itmise eesm\u00e4rgil k\u00e4sitleb Linas Agro j\u00e4rgmisi isikuandmeid: nimi, isikukood, isikut t\u00f5endava dokumendi andmed, e-posti aadress, elukoht, telefoninumber, pangakonto number, KM kood, p\u00f5llumajandusettev\u00f5tte registreerimisnumber jne. Need isikuandmed s\u00e4ilitatakse 10 (k\u00fcmme) aastat p\u00e4rast lepingu l\u00f5ppemist. Sel juhul on Linas Agro \u00fchiskasutuses olev vastutav t\u00f6\u00f6tleja koos UAB \u201eDotnuva Baltic\u201c, UAB \u201eDotnuva Rent\u201c ja UAB \u201eDotnuva Seeds\u201c.<\/li>\n<li>Makset\u00e4htajate m\u00e4\u00e4ramiseks klientidele k\u00e4sitletakse j\u00e4rgmisi isikuandmeid: nimi, pangakonto number, maksegraafik. Need s\u00e4ilitatakse 10 (k\u00fcmme) aastat p\u00e4rast lepingu l\u00f5ppemist. Sel juhul on Linas Agro \u00fchiskasutuses olev vastutav t\u00f6\u00f6tleja koos UAB \u201eDotnuva Baltic\u201c, UAB \u201eDotnuva Rent\u201c ja UAB \u201eDotnuva Seeds\u201c.<\/li>\n<li>V\u00f5lgade haldamise eesm\u00e4rgil k\u00e4sitleb Linas Agro j\u00e4rgmisi isikuandmeid: nimi, aadress, s\u00fcnniaeg, v\u00f5lasumma ja asjaolud. Need s\u00e4ilitatakse 10 (k\u00fcmme) aastat p\u00e4rast lepingu l\u00f5ppemist. Sel juhul on Linas Agro \u00fchiskasutuses olev vastutav t\u00f6\u00f6tleja koos UAB \u201eDotnuva Baltic\u201c, UAB \u201eDotnuva Rent\u201c ja UAB \u201eDotnuva Seeds\u201c.<\/li>\n<\/ul>\n<p><strong>4.5. Klientide p\u00e4ringute haldamine<\/strong><\/p>\n<p>Veebilehe toodete ja teenuste p\u00e4ringute haldamiseks k\u00e4sitleb Linas Agro j\u00e4rgmisi isikuandmeid: nimi, e-posti aadress, piirkond, p\u00e4ringus esitatav teave, tehnika (adrakud, traktorid jne) ja mudeli teave, ettev\u00f5tte teave. Need s\u00e4ilitatakse 1 (\u00fcks) aasta p\u00e4rast p\u00e4ringu lahendamist.<\/p>\n<p><strong>4.6. Videovalve<\/strong><\/p>\n<p>Isikute ja varu turvalisuse tagamiseks (videovalve) k\u00e4sitleb Linas Agro j\u00e4rgmisi isikuandmeid: isiku kujutis ja liikumine valvealas. Need s\u00e4ilitatakse 14 (neliteist) p\u00e4eva. Valvealasid m\u00e4rgitatakse hoiatustahvlitega.<\/p>\n<p><strong>4.7. T\u00f6\u00f6tajate v\u00e4rbamine<\/strong><\/p>\n<p>T\u00f6\u00f6kohale kandideerimisel k\u00e4sitletakse j\u00e4rgmisi isikuandmeid: nimi, haridus, t\u00f6\u00f6kogemus ja muu CV-s v\u00f5i motivatsioonikirjas esitatud teave. Need s\u00e4ilitatakse 3 (kolm) kuud. Kui Teid ei valita, h\u00e4vitatakse CV 1 (\u00fche) kuu jooksul, kui pole eraldi n\u00f5usolekut s\u00e4ilitamiseks.<\/p>\n<p><strong>4.8. Rahvusvaheliste sanktsioonide ja piirangute vastavuse kontrollimine<\/strong><\/p>\n<p>\u00c4ripartnerite kontrollimisel kogutakse j\u00e4rgmisi isikuandmeid: \u00e4ripartneri esindaja nimi, ametikoht, allkiri; juriidilise isiku esindaja nimi, s\u00fcnniaeg, kodakondsus, elukoht; aktsion\u00e4ri ja l\u00f5pptulu saaja nimi, s\u00fcnniaeg jne. Need s\u00e4ilitatakse v\u00e4hemalt 5 aastat. Andmet\u00f6\u00f6tluseks kasutatakse UAB \u201eiDenfy\u201c teenuseid.<\/p>\n<p><strong>4.9. Seadusest tulenevate kohustuste t\u00e4itmine<\/strong><\/p>\n<p>Kohustuste t\u00e4itmiseks k\u00e4sitletakse aktsion\u00e4ride, juhtorgani liikmete jmt isikuandmeid: nimi, isikukood, elukoht, valimiskuup\u00e4ev jne. Need s\u00e4ilitatakse seadusega m\u00e4\u00e4ratud t\u00e4htajal.<\/p>\n<p><strong>4.10. Rikkumiste tuvastamise ja j\u00e4tkusuutlikkuse tagamine<\/strong><\/p>\n<p>Rikkumiste raporteerimise, korruptsioonivastase v\u00f5itluse jms eesm\u00e4rgil k\u00e4sitletakse j\u00e4rgmisi isikuandmeid: nimi, telefoninumber, e-posti aadress, s\u00f5numi sisu, esitatud t\u00f5endid (video, heli jne). Need s\u00e4ilitatakse seadusega m\u00e4\u00e4ratud t\u00e4htajal.<\/p>\n<p><strong>4.11. K\u00fcpsised<\/strong><\/p>\n<p>K\u00fclastades Linas Agro veebisaiti, v\u00f5ime Teie seadmesse paigutada k\u00fcpsise (ingl. cookies). K\u00fcpsis on v\u00e4ike fail, mida salvestame Teie brauserisse v\u00f5i seadmesse Teie n\u00f5usolekul. Kasutame erinevaid k\u00fcpsiseid erinevatel eesm\u00e4rkidel. K\u00fcpsised aitavad ka Teid teistest kasutajatest eristada.<\/p>\n<p>Kasutame j\u00e4rgmisi k\u00fcpsiseid:<\/p>\n<ul>\n<li><strong>Rangelt vajalikud k\u00fcpsised.<\/strong> Need k\u00fcpsised on meie veebisaidi v\u00f5i mobiilirakenduse toimimiseks h\u00e4davajalikud. Selliste k\u00fcpsiste abil t\u00f6\u00f6deldavate andmete aluseks on lepingu n\u00f5uetekohane t\u00e4itmine veebisaidi k\u00fclastamisel v\u00f5i mobiilirakenduse kasutamisel ning teie k\u00fclastuse kvaliteedi ja turvalisuse tagamine. Ilma nende k\u00fcpsisteta ei t\u00f6\u00f6ta veebisait v\u00f5i mobiilirakendus korralikult.<\/li>\n<li><strong>Anal\u00fc\u00fctilised ja\/v\u00f5i toimivusk\u00fcpsised.<\/strong> Need k\u00fcpsised v\u00f5imaldavad meil veebisaidi v\u00f5i mobiilirakenduse k\u00fclastajaid \u00e4ra tunda ja loendada ning j\u00e4lgida, kuidas k\u00fclastajad neid kasutades meie veebisaidil v\u00f5i mobiilirakenduses liiguvad. See aitab meil parandada veebisaidi\/mobiilirakenduse toimivust, n\u00e4iteks tagada, et kasutajad leiaksid otsitava h\u00f5lpsalt \u00fcles. Nende k\u00fcpsiste abil kogutud andmete t\u00f6\u00f6tlemise aluseks on teie n\u00f5usolek.<\/li>\n<li><strong>Funktsionaalsed k\u00fcpsised.<\/strong> Neid k\u00fcpsiseid kasutatakse teie \u00e4ratundmiseks, kui naasete meie veebisaidile v\u00f5i mobiilirakendusse, et saaksime esitada sisu teie vajadustele vastavaks ja meelde j\u00e4tta teile olulist teavet. Need v\u00f5ivad olla k\u00fcpsised, mis v\u00f5imaldavad meil n\u00e4iteks meelde j\u00e4tta teie kasutajanime ja parooli. Nende k\u00fcpsiste abil kogutud andmete t\u00f6\u00f6tlemise aluseks on teie n\u00f5usolek.<\/li>\n<\/ul>\n<table class=\"Table\" align=\"justify\">\n<tbody>\n<tr>\n<td>K\u00fcpsise nimi<\/td>\n<td>K\u00fcpsise eesm\u00e4rk (milleks kasutatakse?)<\/td>\n<td>Kogutavad andmed<\/td>\n<td>K\u00fcpsise t\u00fc\u00fcp (vajalik, funktsionaalne, anal\u00fc\u00fctiline)<\/td>\n<td>K\u00fcpsise s\u00e4ilitamise aeg<\/td>\n<\/tr>\n<tr>\n<td>_ga<\/td>\n<td rowspan=\"3\">K\u00fcpsis, mis kogub statistikat kasutajate k\u00e4itumise kohta.<\/td>\n<td>Sirvimisandmed<\/td>\n<td>anal\u00fc\u00fctiline<\/td>\n<td>2 aastat<\/td>\n<\/tr>\n<tr>\n<td>_gat<\/td>\n<td>K\u00fcpsis kogub ja uuendab teavet<\/td>\n<td>anal\u00fc\u00fctiline<\/td>\n<td>2 aastat<\/td>\n<\/tr>\n<tr>\n<td>_gid<\/td>\n<td>See k\u00fcpsis kogub ja uuendab teavet teie k\u00fclastatud veebilehtede kohta.<\/td>\n<td>anal\u00fc\u00fctiline<\/td>\n<td>24 tundi p\u00e4rast sessiooni l\u00f5ppu<\/td>\n<\/tr>\n<tr>\n<td>OCSESSID<\/td>\n<td>K\u00fcpsis, mis on vajalik veebisaidi toimimiseks.<\/td>\n<td>Unikaalne sessiooni ID number<\/td>\n<td>vajalik<\/td>\n<td>Kuni sessiooni l\u00f5puni<\/td>\n<\/tr>\n<tr>\n<td>Terms<\/td>\n<td>N\u00f5usoleku k\u00fcpsiste kasutamiseks valik<\/td>\n<td>Kasutaja valik<\/td>\n<td>funktsionaalne<\/td>\n<td>7 p\u00e4eva<\/td>\n<\/tr>\n<tr>\n<td>language<\/td>\n<td>Keeleseade valik<\/td>\n<td>Veebilehel kasutatav keel<\/td>\n<td>funktsionaalne<\/td>\n<td>Kuni sessiooni l\u00f5puni<\/td>\n<\/tr>\n<tr>\n<td>currency<\/td>\n<td>Valuuta valik<\/td>\n<td>Valitud valuutakood<\/td>\n<td>funktsionaalne<\/td>\n<td>Kuni sessiooni l\u00f5puni<\/td>\n<\/tr>\n<tr>\n<td>_fbp<\/td>\n<td>K\u00fcpsised, mida kasutatakse Facebooki v\u00f5rgustikus kasutajate sirvimisajaloo p\u00f5hjal isikup\u00e4rastatud reklaamide esitamiseks.<\/td>\n<td>Sirvimisandmed<\/td>\n<td>anal\u00fc\u00fctiline<\/td>\n<td>3 kuud<\/td>\n<\/tr>\n<\/tbody>\n<\/table>\n<p><strong>5. KUIDAS TEIE ISIKUANDMEID T\u00d6\u00d6DELDAKSE?<\/strong><\/p>\n<p>Teie isikuandmeid t\u00f6\u00f6deldakse koosk\u00f5las isikuandmete kaitse \u00fcldm\u00e4\u00e4rusega (edaspidi IK\u00dcM), Leedu Vabariigi isikuandmete \u00f5iguskaitse seadusega ja muude kohaldatavate \u00f5igusaktidega. Teie andmeid t\u00f6\u00f6deldakse vastutustundlikult ja turvaliselt. Linas Agro rakendab isikuandmete t\u00f6\u00f6tlemisel tehnilisi ja organisatsioonilisi turvameetmeid, et kaitsta andmeid juhusliku v\u00f5i ebaseadusliku h\u00e4vimise, muutmise, kadumise, avaldamise v\u00f5i muu ebaseadusliku t\u00f6\u00f6tlemise eest. Rakendatavad meetmed m\u00e4\u00e4ratakse kindlaks vastavalt andmet\u00f6\u00f6tlusest tulenevatele riskidele.<\/p>\n<p><strong>6. KELLELE V\u00d5IME TEIE ISIKUANDMED AVALIKUSTADA?<\/strong><\/p>\n<p>V\u00f5ime avalikustada teie teavet oma t\u00f6\u00f6tajatele, esindajatele, teenusepakkujatele (nt v\u00f5lgade haldamise v\u00f5i sissen\u00f5udmisega tegelevatele ettev\u00f5tetele, arhiiviteenuseid pakkuvatele ettev\u00f5tetele, turundus- ja IT-teenuste pakkujatele v\u00f5i allt\u00f6\u00f6v\u00f5tjatele), kui see on vajalik k\u00e4esolevas privaatsuspoliitikas s\u00e4testatud eesm\u00e4rkidel.<\/p>\n<p>Samuti v\u00f5ime teie andmeid edastada AB Akola Group ettev\u00f5tete sees (UAB \u201eDotnuva Baltic\u201c, UAB \u201eGeoface\u201c, UAB \u201eDotnuva Seeds\u201c, UAB \u201eDotnuva Rent\u201c jt) \u00fchise vastutava t\u00f6\u00f6tleja lepingu alusel v\u00f5i teie n\u00f5usolekul. \u00dchise vastutava t\u00f6\u00f6tleja lepingus on m\u00e4\u00e4ratletud vastastikused kohustused ja andmete t\u00f6\u00f6tlemise tingimused vastavalt kohaldatavatele andmekaitsen\u00f5uetele.<\/p>\n<p>Ettev\u00f5tete struktuuri ja muudatusi saab n\u00e4ha: <a href=\"https:\/\/www.akolagroup.lt\/grupes-struktura\/\">https:\/\/www.akolagroup.lt\/grupes-struktura\/<\/a>.<\/p>\n<p>Teie andmeid v\u00f5idakse edastada riigiasutustele ja muudele isikutele seadusest tulenevate \u00fclesannete t\u00e4itmiseks.<\/p>\n<p>Lisaks v\u00f5ime teie teavet avalikustada:<\/p>\n<ul>\n<li>kui seda n\u00f5uab seadus;<\/li>\n<li>oma \u00f5iguste ja huvide kaitseks (sh teie andmete avaldamine kolmandatele isikutele v\u00f5lgade sissen\u00f5udmise eesm\u00e4rgil);<\/li>\n<li>ettev\u00f5tte v\u00f5i selle vara osa m\u00fc\u00fcgi v\u00f5i reorganiseerimise korral (potentsiaalsele) ostjale v\u00f5i teistele reorganiseerimise osapooltele.<\/li>\n<\/ul>\n<p><strong>7. MILLISED ON TEIE \u00d5IGUSED?<\/strong><\/p>\n<p>Allpool on toodud teie \u00f5igused seoses teie isikuandmete t\u00f6\u00f6tlemisega Linas Agro poolt. Kui soovite nende \u00f5iguste kohta rohkem teada saada v\u00f5i neid kasutada, v\u00f5tke meiega \u00fchendust selles privaatsuspoliitikas toodud e-posti aadressil.<\/p>\n<p><strong>7.1. \u00d5igus tutvuda oma isikuandmetega<\/strong><\/p>\n<p>Teil on \u00f5igus teada, kas ja kuidas me teie isikuandmeid t\u00f6\u00f6tleme. Selleks esitage kirjalik taotlus meie privaatsuspoliitikas toodud e-posti aadressile. Me v\u00f5ime paluda teil oma isikusamasust kinnitada.<\/p>\n<p><strong>7.2. \u00d5igus n\u00f5usoleku t\u00fchistamisele<\/strong><\/p>\n<p>Kui olete andnud meile n\u00f5usoleku teie isikuandmete t\u00f6\u00f6tlemiseks, v\u00f5ite selle igal ajal tagasi v\u00f5tta.<\/p>\n<p><strong>7.3. \u00d5igus k\u00fcsida t\u00e4iendavat teavet<\/strong><\/p>\n<p>Kui teil on k\u00fcsimusi v\u00f5i vajate lisainfot oma andmete t\u00f6\u00f6tlemise kohta, v\u00f5tke meiega \u00fchendust.<\/p>\n<p><strong>7.4. T\u00e4iendavad \u00f5igused<\/strong><\/p>\n<ul>\n<li>\u00d5igus n\u00f5uda teie andmete parandamist.<\/li>\n<li>\u00d5igus n\u00f5uda teie andmete kustutamist vastavalt IK\u00dcM artiklile 17.<\/li>\n<li>\u00d5igus n\u00f5uda andmet\u00f6\u00f6tluse piiramist v\u00f5i t\u00f6\u00f6tlemise l\u00f5petamist.<\/li>\n<li>\u00d5igus n\u00f5uda oma andmete \u00fclekandmist teisele vastutavale t\u00f6\u00f6tlejale.<\/li>\n<li>\u00d5igus esitada vastuv\u00e4iteid oma andmete t\u00f6\u00f6tlemisele vastavalt IK\u00dcM artiklile 21.<\/li>\n<\/ul>\n<p><strong>8. KUIDAS OMA \u00d5IGUSI KASUTADA?<\/strong><\/p>\n<p>Et kasutada oma \u00f5igusi, esitage meile kirjalik taotlus:<\/p>\n<ul>\n<li>e-posti teel aadressil: dap@akolagroup.lt;<\/li>\n<li>posti teel: Sm\u0117lyn\u0117s g. 2C-3, LT-35143 Panev\u0117\u017eys, Leedu;<\/li>\n<li>isiklikult: Sm\u0117lyn\u0117s g. 2C-3, LT-35143 Panev\u0117\u017eys, Leedu.<\/li>\n<\/ul>\n<p>Vastame teie taotlustele, kaebustele v\u00f5i n\u00f5udmistele seaduses s\u00e4testatud korras ja t\u00e4htaja jooksul, hiljemalt 30 p\u00e4eva jooksul.<\/p>\n<p>Kui p\u00f6\u00f6rdute meie poole, v\u00f5ime t\u00f6\u00f6delda teie edastatud andmeid (nimi, perekonnanimi, e-posti aadress, telefoninumber, kuup\u00e4ev ja kirjavahetuse tekst).<\/p>\n<p>Kui kahtleme taotleja isikusamasuses, v\u00f5ime paluda esitada isikut t\u00f5endava dokumendi.<\/p>\n<p>Kui me ei suuda teie k\u00fcsimustele vastata v\u00f5i teil on kaebusi, on teil \u00f5igus p\u00f6\u00f6rduda Eesti Andmekaitse Inspektsiooni (www.aki.ee).<\/p>\n<p><strong>9. VASTUTUS<\/strong><\/p>\n<p>Te vastutate selle eest, et teie esitatud andmed on \u00f5iged ja ajakohased. Andmete muutumisest palume meid koheselt teavitada. Me ei vastuta kahju eest, mis on tekkinud valede v\u00f5i puudulike andmete esitamise t\u00f5ttu.<\/p>\n<p><strong>10. PRIVAATSUSPOLIITIKA MUUDATUSED<\/strong><\/p>\n<p>Linas Agro v\u00f5ib igal ajal privaatsuspoliitikat uuendada v\u00f5i muuta. Uus versioon j\u00f5ustub alates selle avaldamisest Linas Agro veebisaidil. Soovitame poliitikat aeg-ajalt \u00fcle vaadata.<\/p>\n<p>Teavitame teid olulistest muudatustest veebisaidi kaudu. P\u00e4rast muudatuse avaldamist veebisaidil loetakse, et olete muudatustega n\u00f5ustunud.<\/p>\n<p>Viimane uuendamise kuup\u00e4ev: 31. juuli 2024.<\/p>","protected":false},"excerpt":{"rendered":"<p>Privaatsuspoliitika 1. MIDA SEE PRIVAATSUSPOLIITIKA T\u00c4HENDAB? Selles privaatsuspoliitikas (edaspidi \u2013 Privaatsuspoliitika) anname Teile teavet selle kohta, kuidas aktsiaselts \u201eLinas Agro\u201c k\u00e4sitleb Teie isikuandmeid. 2. AKTSIASELTSIST \u201eLINAS AGRO\u201c Aktsiaselts \u201eLinas Agro\u201c (edaspidi \u2013 Linas Agro), registrikood: 147328026, asukoht: Sm\u0117lyn\u0117s g. 2C &#8211; 3, LT-35143 Panev\u0117\u017eys, e-posti aadress: info@linasagro.ee, on ettev\u00f5tter\u00fchma AB Akola group osa ja Teie [&hellip;]<\/p>\n","protected":false},"author":1,"featured_media":0,"parent":0,"menu_order":0,"comment_status":"closed","ping_status":"closed","template":"","meta":{"_acf_changed":false,"inline_featured_image":false,"slim_seo":{"title":"Privaatsuspoliitika - Dotnuva Seeds - EE","description":"Privaatsuspoliitika 1. MIDA SEE PRIVAATSUSPOLIITIKA T\u00c4HENDAB? Selles privaatsuspoliitikas (edaspidi \u2013 Privaatsuspoliitika) anname Teile teavet selle kohta, kuid"},"footnotes":""},"class_list":["post-1558","page","type-page","status-publish","hentry","post-wrapper","thrv_wrapper"],"acf":[],"_links":{"self":[{"href":"https:\/\/dotnuvaseeds.ee\/lt\/wp-json\/wp\/v2\/pages\/1558","targetHints":{"allow":["GET"]}}],"collection":[{"href":"https:\/\/dotnuvaseeds.ee\/lt\/wp-json\/wp\/v2\/pages"}],"about":[{"href":"https:\/\/dotnuvaseeds.ee\/lt\/wp-json\/wp\/v2\/types\/page"}],"author":[{"embeddable":true,"href":"https:\/\/dotnuvaseeds.ee\/lt\/wp-json\/wp\/v2\/users\/1"}],"replies":[{"embeddable":true,"href":"https:\/\/dotnuvaseeds.ee\/lt\/wp-json\/wp\/v2\/comments?post=1558"}],"version-history":[{"count":24,"href":"https:\/\/dotnuvaseeds.ee\/lt\/wp-json\/wp\/v2\/pages\/1558\/revisions"}],"predecessor-version":[{"id":1975,"href":"https:\/\/dotnuvaseeds.ee\/lt\/wp-json\/wp\/v2\/pages\/1558\/revisions\/1975"}],"wp:attachment":[{"href":"https:\/\/dotnuvaseeds.ee\/lt\/wp-json\/wp\/v2\/media?parent=1558"}],"curies":[{"name":"wp","href":"https:\/\/api.w.org\/{rel}","templated":true}]}}